{"id":7533,"date":"2015-05-27T00:32:39","date_gmt":"2015-05-27T03:32:39","guid":{"rendered":"http:\/\/s11396.p20.sites.pressdns.com\/?page_id=6493"},"modified":"2022-09-18T13:31:36","modified_gmt":"2022-09-18T16:31:36","slug":"caps-v2","status":"publish","type":"page","link":"https:\/\/cratod.animaker.com.br\/?page_id=7533","title":{"rendered":"CRATOD"},"content":{"rendered":"<div class=\"container section-title-container\" ><h3 class=\"section-title section-title-normal\"><b aria-hidden=\"true\"><\/b><span class=\"section-title-main\" >CRATOD - Centro de Refer\u00eancia de Atendimento a Tabaco, \u00c1lcool e Outras Drogas<\/span><b aria-hidden=\"true\"><\/b><\/h3><\/div>\n<div class=\"row\"  id=\"row-1572109777\">\n\n\t<div id=\"col-1299607112\" class=\"col medium-6 small-12 large-6\"  >\n\t\t\t\t<div class=\"col-inner\"  >\n\t\t\t\n\t\t\t\n<p style=\"text-align: justify;\"><span style=\"font-size: 75%;\"><button id=\"bb1\" type=\"button\" value=\"Play\" class=\"responsivevoice-button\" title=\"ResponsiveVoice Tap to Start\/Stop Speech\"><span>&#128266; Ouvir<\/span><\/button>\n        <script>\n            bb1.onclick = function(){\n                if(responsiveVoice.isPlaying()){\n                    responsiveVoice.cancel();\n                }else{\n                    responsiveVoice.speak(\"ESTRUTURA Andar T\u00e9rreo: Unidade de Pronto Atendimento e Observa\u00e7\u00e3o (Urg\u00eancia-Recome\u00e7o) - Enfermaria mista de 36 leitos e consult\u00f3rios para atendimento m\u00e9dico e multiprofissional dos usu\u00e1rios de livre demanda e agendamento de Comunidades Terap\u00eauticas. 1\u00ba Andar: CAPS AD III - Salas de grupo, academia, sala de leitura, sala de filme, consult\u00f3rio dent\u00e1rio, consult\u00f3rios para atendimento m\u00e9dico, psic\u00f3logo, assistentes sociais e educadores f\u00edsicos. 2\u00b0 Andar: Setor Administrativo - Salas administrativas.\", \"Brazilian Portuguese Female\");\n                }\n            };\n        <\/script>\n    <\/span><b>ESTRUTURA<\/b><\/p>\n<p style=\"text-align: justify;\"><b>Andar T\u00e9rreo:<\/b><span style=\"font-weight: 400;\"> Unidade de Pronto Atendimento e Observa\u00e7\u00e3o (Urg\u00eancia-Recome\u00e7o) &#8211; Enfermaria mista de 36 leitos e consult\u00f3rios para atendimento m\u00e9dico e multiprofissional dos usu\u00e1rios de livre demanda e agendamento de Comunidades Terap\u00eauticas.<\/span><\/p>\n<p style=\"text-align: justify;\"><b>1\u00ba Andar:<\/b><span style=\"font-weight: 400;\"> CAPS AD III &#8211; Salas de grupo, academia, sala de leitura, sala de filme, consult\u00f3rio dent\u00e1rio, consult\u00f3rios para atendimento m\u00e9dico, psic\u00f3logo, assistentes sociais e educadores f\u00edsicos.<\/span><\/p>\n<p style=\"text-align: justify;\"><b>2\u00b0 Andar:<\/b><span style=\"font-weight: 400;\"> Setor Administrativo &#8211; Salas administrativas.<\/span>\n\t<div id=\"gap-851760401\" class=\"gap-element clearfix\" style=\"display:block; height:auto;\">\n\t\t\n<style>\n#gap-851760401 {\n  padding-top: 30px;\n}\n<\/style>\n\t<\/div>\n\t\n\t\t<\/div>\n\t\t\t\t\t<\/div>\n\n\t\n\n\t<div id=\"col-1092573102\" class=\"col medium-6 small-12 large-6\"  >\n\t\t\t\t<div class=\"col-inner\"  >\n\t\t\t\n\t\t\t\n<p><b>HORARIO DE ATENDIMENTO\u00a0<\/b><\/p>\n<p><span style=\"font-weight: 400;\">Observa\u00e7\u00e3o \u2013 Segunda a Domingo 24 horas<\/span><\/p>\n<p><span style=\"font-weight: 400;\">CAPS \u2013 Segunda a Sexta-Feira das 07 \u00e0s 18 horas<\/span><\/p>\n<p><span style=\"font-weight: 400;\">Telefone para contato : 11 3329-4455<\/span><\/p>\n<p><img loading=\"lazy\" decoding=\"async\" class=\"alignnone wp-image-8129 size-full\" src=\"https:\/\/cratod.animaker.com.br\/wp-content\/uploads\/sites\/154\/2022\/09\/Foto-CRATOD.jpg\" alt=\"\" width=\"480\" height=\"243\" srcset=\"https:\/\/cratod.animaker.com.br\/wp-content\/uploads\/sites\/154\/2022\/09\/Foto-CRATOD.jpg 480w, https:\/\/cratod.animaker.com.br\/wp-content\/uploads\/sites\/154\/2022\/09\/Foto-CRATOD-300x152.jpg 300w\" sizes=\"auto, (max-width: 480px) 100vw, 480px\" \/><\/p>\n\t\t<\/div>\n\t\t\t\t\t<\/div>\n\n\t\n<\/div>\n","protected":false},"excerpt":{"rendered":"","protected":false},"author":21,"featured_media":0,"parent":0,"menu_order":0,"comment_status":"closed","ping_status":"closed","template":"","meta":{"footnotes":""},"class_list":["post-7533","page","type-page","status-publish","hentry"],"_links":{"self":[{"href":"https:\/\/cratod.animaker.com.br\/index.php?rest_route=\/wp\/v2\/pages\/7533","targetHints":{"allow":["GET"]}}],"collection":[{"href":"https:\/\/cratod.animaker.com.br\/index.php?rest_route=\/wp\/v2\/pages"}],"about":[{"href":"https:\/\/cratod.animaker.com.br\/index.php?rest_route=\/wp\/v2\/types\/page"}],"author":[{"embeddable":true,"href":"https:\/\/cratod.animaker.com.br\/index.php?rest_route=\/wp\/v2\/users\/21"}],"replies":[{"embeddable":true,"href":"https:\/\/cratod.animaker.com.br\/index.php?rest_route=%2Fwp%2Fv2%2Fcomments&post=7533"}],"version-history":[{"count":0,"href":"https:\/\/cratod.animaker.com.br\/index.php?rest_route=\/wp\/v2\/pages\/7533\/revisions"}],"wp:attachment":[{"href":"https:\/\/cratod.animaker.com.br\/index.php?rest_route=%2Fwp%2Fv2%2Fmedia&parent=7533"}],"curies":[{"name":"wp","href":"https:\/\/api.w.org\/{rel}","templated":true}]}}