{"id":7537,"date":"2015-06-03T19:34:40","date_gmt":"2015-06-03T22:34:40","guid":{"rendered":"http:\/\/s11396.p20.sites.pressdns.com\/?page_id=6570"},"modified":"2022-09-18T14:06:46","modified_gmt":"2022-09-18T17:06:46","slug":"qualidade-e-seguranca-v2","status":"publish","type":"page","link":"https:\/\/cratod.animaker.com.br\/?page_id=7537","title":{"rendered":"Qualidade e Seguran\u00e7a"},"content":{"rendered":"<div class=\"container section-title-container\" ><h3 class=\"section-title section-title-normal\"><b aria-hidden=\"true\"><\/b><span class=\"section-title-main\" >Qualidade e Seguran\u00e7a<\/span><b aria-hidden=\"true\"><\/b><\/h3><\/div>\n\n\t<section class=\"section\" id=\"section_170118378\">\n\t\t<div class=\"section-bg fill\" >\n\t\t\t\t\t\t\t\t\t\n\t\t\t\n\n\t\t<\/div>\n\n\t\t\n\n\t\t<div class=\"section-content relative\">\n\t\t\t\n<div class=\"row\"  id=\"row-1123613670\">\n\n\t<div id=\"col-1243429\" class=\"col medium-6 small-12 large-6\"  >\n\t\t\t\t<div class=\"col-inner\"  >\n\t\t\t\n\t\t\t\n<div class=\"message-box relative\" style=\"padding-top:15px;padding-bottom:15px;\"><div class=\"message-box-bg-image bg-fill fill\" ><\/div><div class=\"message-box-bg-overlay bg-fill fill\" style=\"background-color:rgb(244, 252, 255);\"><\/div><div class=\"container relative\"><div class=\"inner last-reset\">\n<div class=\"row align-middle align-center\"  id=\"row-1087083578\">\n\n\t<div id=\"col-472969468\" class=\"col small-12 large-12\"  >\n\t\t\t\t<div class=\"col-inner\"  >\n\t\t\t\n\t\t\t\n<h3>Gest\u00e3o da Qualidade <span style=\"font-size: 75%;\"><button id=\"bb1\" type=\"button\" value=\"Play\" class=\"responsivevoice-button\" title=\"ResponsiveVoice Tap to Start\/Stop Speech\"><span>&#128266; Ouvir<\/span><\/button>\n        <script>\n            bb1.onclick = function(){\n                if(responsiveVoice.isPlaying()){\n                    responsiveVoice.cancel();\n                }else{\n                    responsiveVoice.speak(\"Desde o in\u00edcio, a busca da excel\u00eancia na presta\u00e7\u00e3o de servi\u00e7os de sa\u00fade sempre esteve presente nos Conv\u00eanios SPDM CRATOD. Trabalhamos com um sistema de qualidade que visa \u00e0 melhoria cont\u00ednua do atendimento aos pacientes, agilidade nos servi\u00e7os, seguran\u00e7a e efici\u00eancia. A unidade possui protocolos de assist\u00eancia implantados e revisados, sempre em sintonia com as melhores pr\u00e1ticas assistenciais existentes.\", \"Brazilian Portuguese Female\");\n                }\n            };\n        <\/script>\n    <\/span><\/h3>\n<p style=\"text-align: justify;\"><span style=\"font-weight: 400;\">Desde o in\u00edcio, a busca da excel\u00eancia na presta\u00e7\u00e3o de servi\u00e7os de sa\u00fade sempre esteve presente nos Conv\u00eanios SPDM CRATOD.<\/span><\/p>\n<p style=\"text-align: justify;\"><span style=\"font-weight: 400;\">Trabalhamos com um sistema de qualidade que visa \u00e0 melhoria cont\u00ednua do atendimento aos pacientes, agilidade nos servi\u00e7os, seguran\u00e7a e efici\u00eancia.<\/span><\/p>\n<p style=\"text-align: justify;\"><span style=\"font-weight: 400;\">A unidade possui protocolos de assist\u00eancia implantados e revisados, sempre em sintonia com as melhores pr\u00e1ticas assistenciais existentes.<\/span><\/p>\n<p style=\"text-align: justify;\"><span style=\"font-size: 14.4px;\"><\/span><\/p>\n\t\t<\/div>\n\t\t\t\t\t<\/div>\n\n\t\n<\/div>\n<\/div><\/div><\/div>\n\t<div id=\"gap-116719364\" class=\"gap-element clearfix\" style=\"display:block; height:auto;\">\n\t\t\n<style>\n#gap-116719364 {\n  padding-top: 30px;\n}\n<\/style>\n\t<\/div>\n\t\n<h3 class=\"accordion_title\">Pr\u00eamios e Certificados<\/h3><div class=\"accordion\">\n\t<div id=\"accordion-2781506255\" class=\"accordion-item\">\n\t\t<a id=\"accordion-2781506255-label\" class=\"accordion-title plain\" href=\"#accordion-item-certificado-qualidade-ambiente-do-trabalho\" aria-expanded=\"false\" aria-controls=\"accordion-2781506255-content\">\n\t\t\t<button class=\"toggle\" aria-label=\"Toggle\"><i class=\"icon-angle-down\" aria-hidden=\"true\"><\/i><\/button>\n\t\t\t<span>Certificado Qualidade Ambiente do Trabalho<\/span>\n\t\t<\/a>\n\t\t<div id=\"accordion-2781506255-content\" class=\"accordion-inner\" aria-labelledby=\"accordion-2781506255-label\">\n\t\t\t\n<p><img loading=\"lazy\" decoding=\"async\" class=\"aligncenter wp-image-8133 size-full\" src=\"https:\/\/cratod.animaker.com.br\/wp-content\/uploads\/sites\/154\/2022\/09\/feex.png\" alt=\"\" width=\"512\" height=\"190\" srcset=\"https:\/\/cratod.animaker.com.br\/wp-content\/uploads\/sites\/154\/2022\/09\/feex.png 512w, https:\/\/cratod.animaker.com.br\/wp-content\/uploads\/sites\/154\/2022\/09\/feex-300x111.png 300w\" sizes=\"auto, (max-width: 512px) 100vw, 512px\" \/><\/p>\n<p style=\"text-align: center;\"><span style=\"font-weight: 400;\">\u00a0Julho\/2021<\/span><\/p>\n\t\t<\/div>\n\t<\/div>\n\t\n\t<div id=\"accordion-3810721414\" class=\"accordion-item\">\n\t\t<a id=\"accordion-3810721414-label\" class=\"accordion-title plain\" href=\"#accordion-item-selo-municipal-de-direitos-humanos-e-diversidade\" aria-expanded=\"false\" aria-controls=\"accordion-3810721414-content\">\n\t\t\t<button class=\"toggle\" aria-label=\"Toggle\"><i class=\"icon-angle-down\" aria-hidden=\"true\"><\/i><\/button>\n\t\t\t<span>Selo Municipal de Direitos Humanos e Diversidade<\/span>\n\t\t<\/a>\n\t\t<div id=\"accordion-3810721414-content\" class=\"accordion-inner\" aria-labelledby=\"accordion-3810721414-label\">\n\t\t\t\n<p><img loading=\"lazy\" decoding=\"async\" class=\"aligncenter wp-image-8134 size-full\" src=\"https:\/\/cratod.animaker.com.br\/wp-content\/uploads\/sites\/154\/2022\/09\/selo-diversidade.png\" alt=\"\" width=\"512\" height=\"195\" srcset=\"https:\/\/cratod.animaker.com.br\/wp-content\/uploads\/sites\/154\/2022\/09\/selo-diversidade.png 512w, https:\/\/cratod.animaker.com.br\/wp-content\/uploads\/sites\/154\/2022\/09\/selo-diversidade-300x114.png 300w\" sizes=\"auto, (max-width: 512px) 100vw, 512px\" \/><\/p>\n<p style=\"text-align: center;\"><span style=\"font-weight: 400;\">\u00a0Julho\/2021\u00a0\u00a0<\/span><\/p>\n\t\t<\/div>\n\t<\/div>\n\t\n<\/div>\n\t\t<\/div>\n\t\t\t\t\t<\/div>\n\n\t\n\n\t<div id=\"col-448572000\" class=\"col medium-6 small-12 large-6\"  >\n\t\t\t\t<div class=\"col-inner\"  >\n\t\t\t\n\t\t\t\n<h3>Gest\u00e3o de Seguran\u00e7a <span style=\"font-size: 75%;\"><button id=\"bb2\" type=\"button\" value=\"Play\" class=\"responsivevoice-button\" title=\"ResponsiveVoice Tap to Start\/Stop Speech\"><span>&#128266; Ouvir<\/span><\/button>\n        <script>\n            bb2.onclick = function(){\n                if(responsiveVoice.isPlaying()){\n                    responsiveVoice.cancel();\n                }else{\n                    responsiveVoice.speak(\"A Seguran\u00e7a do Paciente \u00e9 prioridade nos Conv\u00eanios SPDM Emilio Ribas. A unidade possui equipe multiprofissional que realiza o mapeamento de poss\u00edveis riscos dos processos relacionados \u00e0 assist\u00eancia do paciente. Medidas de preven\u00e7\u00e3o s\u00e3o tomadas no sentido de promover maior seguran\u00e7a.\", \"Brazilian Portuguese Female\");\n                }\n            };\n        <\/script>\n    <\/span><\/h3>\n<p style=\"text-align: justify;\"><span style=\"font-weight: 400;\">A Seguran\u00e7a do Paciente \u00e9 prioridade nos Conv\u00eanios SPDM Emilio Ribas. A unidade possui equipe multiprofissional que realiza o mapeamento de poss\u00edveis riscos dos processos relacionados \u00e0 assist\u00eancia do paciente. Medidas de preven\u00e7\u00e3o s\u00e3o tomadas no sentido de promover maior seguran\u00e7a.<\/span>\n\t<div id=\"gap-2014745176\" class=\"gap-element clearfix\" style=\"display:block; height:auto;\">\n\t\t\n<style>\n#gap-2014745176 {\n  padding-top: 30px;\n}\n<\/style>\n\t<\/div>\n\t\n\t\t<\/div>\n\t\t\t\t\t<\/div>\n\n\t\n<\/div>\n\t\t<\/div>\n\n\t\t\n<style>\n#section_170118378 {\n  padding-top: 15px;\n  padding-bottom: 15px;\n}\n<\/style>\n\t<\/section>\n\t\n","protected":false},"excerpt":{"rendered":"","protected":false},"author":21,"featured_media":0,"parent":0,"menu_order":0,"comment_status":"closed","ping_status":"closed","template":"","meta":{"footnotes":""},"class_list":["post-7537","page","type-page","status-publish","hentry"],"_links":{"self":[{"href":"https:\/\/cratod.animaker.com.br\/index.php?rest_route=\/wp\/v2\/pages\/7537","targetHints":{"allow":["GET"]}}],"collection":[{"href":"https:\/\/cratod.animaker.com.br\/index.php?rest_route=\/wp\/v2\/pages"}],"about":[{"href":"https:\/\/cratod.animaker.com.br\/index.php?rest_route=\/wp\/v2\/types\/page"}],"author":[{"embeddable":true,"href":"https:\/\/cratod.animaker.com.br\/index.php?rest_route=\/wp\/v2\/users\/21"}],"replies":[{"embeddable":true,"href":"https:\/\/cratod.animaker.com.br\/index.php?rest_route=%2Fwp%2Fv2%2Fcomments&post=7537"}],"version-history":[{"count":0,"href":"https:\/\/cratod.animaker.com.br\/index.php?rest_route=\/wp\/v2\/pages\/7537\/revisions"}],"wp:attachment":[{"href":"https:\/\/cratod.animaker.com.br\/index.php?rest_route=%2Fwp%2Fv2%2Fmedia&parent=7537"}],"curies":[{"name":"wp","href":"https:\/\/api.w.org\/{rel}","templated":true}]}}