{"id":7545,"date":"2015-06-10T15:14:49","date_gmt":"2015-06-10T18:14:49","guid":{"rendered":"http:\/\/s11396.p20.sites.pressdns.com\/?page_id=6624"},"modified":"2022-09-18T13:32:35","modified_gmt":"2022-09-18T16:32:35","slug":"como-chegar-v2","status":"publish","type":"page","link":"https:\/\/cratod.animaker.com.br\/?page_id=7545","title":{"rendered":"Como Chegar"},"content":{"rendered":"<div class=\"container section-title-container\" ><h3 class=\"section-title section-title-normal\"><b aria-hidden=\"true\"><\/b><span class=\"section-title-main\" >Como Chegar<\/span><b aria-hidden=\"true\"><\/b><\/h3><\/div>\n<div class=\"row\"  id=\"row-1680127572\">\n\n\t<div id=\"col-651316665\" class=\"col medium-6 small-12 large-6\"  >\n\t\t\t\t<div class=\"col-inner\"  >\n\t\t\t\n\t\t\t\n<p><span style=\"font-size: 75%;\"><button id=\"bb1\" type=\"button\" value=\"Play\" class=\"responsivevoice-button\" title=\"ResponsiveVoice Tap to Start\/Stop Speech\"><span>&#128266; Ouvir<\/span><\/button>\n        <script>\n            bb1.onclick = function(){\n                if(responsiveVoice.isPlaying()){\n                    responsiveVoice.cancel();\n                }else{\n                    responsiveVoice.speak(\"Centro de Refer\u00eancia de \u00c1lcool, Tabaco e Outras Drogas est\u00e1 localizado na Rua Prates, 165 - CEP: 01121-000 - S\u00e3o Paulo. Pr\u00f3ximo as esta\u00e7\u00f5es do Metro Luz e Tiradentes. Da linha da CPTM Luz.\u00a0 Ponto de Refer\u00eancia: Em frente ao Parque da Luz.\", \"Brazilian Portuguese Female\");\n                }\n            };\n        <\/script>\n    <\/span><\/p>\n<p style=\"text-align: justify;\"><span style=\"font-weight: 400;\">Centro de Refer\u00eancia de \u00c1lcool, Tabaco e Outras Drogas est\u00e1 localizado na Rua Prates, 165 &#8211; CEP: 01121-000 &#8211; S\u00e3o Paulo.<\/span><\/p>\n<p style=\"text-align: justify;\"><span style=\"font-weight: 400;\">Pr\u00f3ximo as esta\u00e7\u00f5es do Metro Luz e Tiradentes. Da linha da CPTM Luz.\u00a0<\/span><\/p>\n<p style=\"text-align: justify;\"><span style=\"font-weight: 400;\">Ponto de Refer\u00eancia: Em frente ao Parque da Luz. <\/span><\/p>\n<p><span style=\"font-size: 14.4px;\"><\/span><\/p>\n\t\t<\/div>\n\t\t\t\t\t<\/div>\n\n\t\n\n\t<div id=\"col-1790337626\" class=\"col medium-6 small-12 large-6\"  >\n\t\t\t\t<div class=\"col-inner\"  >\n\t\t\t\n\t\t\t\n\t\t<\/div>\n\t\t\t\t\t<\/div>\n\n\t\n<\/div>\n","protected":false},"excerpt":{"rendered":"","protected":false},"author":21,"featured_media":0,"parent":0,"menu_order":0,"comment_status":"closed","ping_status":"closed","template":"","meta":{"footnotes":""},"class_list":["post-7545","page","type-page","status-publish","hentry"],"_links":{"self":[{"href":"https:\/\/cratod.animaker.com.br\/index.php?rest_route=\/wp\/v2\/pages\/7545","targetHints":{"allow":["GET"]}}],"collection":[{"href":"https:\/\/cratod.animaker.com.br\/index.php?rest_route=\/wp\/v2\/pages"}],"about":[{"href":"https:\/\/cratod.animaker.com.br\/index.php?rest_route=\/wp\/v2\/types\/page"}],"author":[{"embeddable":true,"href":"https:\/\/cratod.animaker.com.br\/index.php?rest_route=\/wp\/v2\/users\/21"}],"replies":[{"embeddable":true,"href":"https:\/\/cratod.animaker.com.br\/index.php?rest_route=%2Fwp%2Fv2%2Fcomments&post=7545"}],"version-history":[{"count":0,"href":"https:\/\/cratod.animaker.com.br\/index.php?rest_route=\/wp\/v2\/pages\/7545\/revisions"}],"wp:attachment":[{"href":"https:\/\/cratod.animaker.com.br\/index.php?rest_route=%2Fwp%2Fv2%2Fmedia&parent=7545"}],"curies":[{"name":"wp","href":"https:\/\/api.w.org\/{rel}","templated":true}]}}