{"id":7575,"date":"2018-10-16T15:43:38","date_gmt":"2018-10-16T15:43:38","guid":{"rendered":"http:\/\/hmbfm.spdmafiliadas.org.br\/?page_id=7203"},"modified":"2022-09-19T17:36:22","modified_gmt":"2022-09-19T20:36:22","slug":"home-htejz-v-2","status":"publish","type":"page","link":"https:\/\/cratod.animaker.com.br\/","title":{"rendered":"Home CRATOD"},"content":{"rendered":"<div class=\"slider-wrapper relative\" id=\"slider-2016143351\" >\n    <div class=\"slider slider-nav-circle slider-nav-large slider-nav-light slider-style-normal\"\n        data-flickity-options='{\n            \"cellAlign\": \"center\",\n            \"imagesLoaded\": true,\n            \"lazyLoad\": 1,\n            \"freeScroll\": false,\n            \"wrapAround\": true,\n            \"autoPlay\": 6000,\n            \"pauseAutoPlayOnHover\" : true,\n            \"prevNextButtons\": true,\n            \"contain\" : true,\n            \"adaptiveHeight\" : true,\n            \"dragThreshold\" : 10,\n            \"percentPosition\": true,\n            \"pageDots\": true,\n            \"rightToLeft\": false,\n            \"draggable\": true,\n            \"selectedAttraction\": 0.1,\n            \"parallax\" : 0,\n            \"friction\": 0.6        }'\n        >\n        \n\n  <div class=\"banner has-hover has-video\" id=\"banner-197439558\">\n          <div class=\"banner-inner fill\">\n        <div class=\"banner-bg fill\" >\n                        \t<div class=\"video-overlay no-click fill visible\"><\/div>\n\t<video class=\"video-bg fill visible\" preload playsinline autoplay muted loop>\n\t\t<source src=\"https:\/\/cratod.animaker.com.br\/wp-content\/uploads\/sites\/154\/2022\/09\/intro-spdm-hospital-campanha-1.mp4\" type=\"video\/mp4\">\t<\/video>\n                        \n                    <\/div>\n\t\t\n        <div class=\"banner-layers container\">\n            <div class=\"fill banner-link\"><\/div>            \n   <div id=\"text-box-1028503777\" class=\"text-box banner-layer x0 md-x0 lg-x0 y75 md-y75 lg-y75 res-text\">\n                                <div class=\"text-box-content text dark\">\n              \n              <div class=\"text-inner text-center\">\n                  \n\t<div class=\"img has-hover x md-x lg-x y md-y lg-y\" id=\"image_1304565273\">\n\t\t\t\t<div data-parallax-fade=\"true\" data-parallax=\"3\">\t\t\t\t<div class=\"img-inner dark\" >\n\t\t\t<img loading=\"lazy\" decoding=\"async\" width=\"480\" height=\"243\" src=\"https:\/\/cratod.animaker.com.br\/wp-content\/uploads\/sites\/154\/2022\/09\/Foto-CRATOD.jpg\" class=\"attachment-large size-large\" alt=\"\" srcset=\"https:\/\/cratod.animaker.com.br\/wp-content\/uploads\/sites\/154\/2022\/09\/Foto-CRATOD.jpg 480w, https:\/\/cratod.animaker.com.br\/wp-content\/uploads\/sites\/154\/2022\/09\/Foto-CRATOD-300x152.jpg 300w\" sizes=\"auto, (max-width: 480px) 100vw, 480px\" \/>\t\t\t\t\t\t\n\t\t\t\t\t<\/div>\n\t\t\t\t<\/div>\t\t\t\t\n<style>\n#image_1304565273 {\n  width: 100%;\n}\n<\/style>\n\t<\/div>\n\t\n<h6 class=\"uppercase\"><span style=\"color: #000080;\"><b>CRATOD &#8211; Centro de Refer\u00eancia de Atendimento a Tabaco, \u00c1lcool e Outras Drogas<\/b><\/span><\/h6>\n              <\/div>\n           <\/div>\n                            \n<style>\n#text-box-1028503777 {\n  width: 47%;\n}\n#text-box-1028503777 .text-box-content {\n  font-size: 100%;\n}\n<\/style>\n    <\/div>\n \n        <\/div>\n      <\/div>\n\n            \n<style>\n#banner-197439558 {\n  padding-top: 530px;\n}\n<\/style>\n  <\/div>\n\n\n     <\/div>\n\n     <div class=\"loading-spin dark large centered\"><\/div>\n\n\t<\/div>\n\n\n<div class=\"row\"  id=\"row-1981476378\">\n\n\t<div id=\"col-594389372\" class=\"col small-12 large-12\"  >\n\t\t\t\t<div class=\"col-inner\"  >\n\t\t\t\n\t\t\t\n<div class=\"row row-small align-middle align-center\"  id=\"row-1236051659\">\n\n\t<div id=\"col-313367729\" class=\"col medium-4 small-12 large-4\"  >\n\t\t\t\t<div class=\"col-inner\"  >\n\t\t\t\n\t\t\t\n\n\t<a class=\"plain\" href=\"https:\/\/cratod.animaker.com.br\/?page_id=7534\" >\t<div class=\"icon-box featured-box icon-box-center text-center is-small\"  >\n\t\t\t\t\t<div class=\"icon-box-img\" style=\"width: 60px\">\n\t\t\t\t<div class=\"icon\">\n\t\t\t\t\t<div class=\"icon-inner\" style=\"color:rgb(0, 135, 197);\">\n\t\t\t\t\t\t<?xml version=\"1.0\" encoding=\"utf-8\"?>\n<!-- Generated by IcoMoon.io -->\n<!DOCTYPE svg PUBLIC \"-\/\/W3C\/\/DTD SVG 1.1\/\/EN\" \"http:\/\/www.w3.org\/Graphics\/SVG\/1.1\/DTD\/svg11.dtd\">\n<svg version=\"1.1\" xmlns=\"http:\/\/www.w3.org\/2000\/svg\" xmlns:xlink=\"http:\/\/www.w3.org\/1999\/xlink\" width=\"20\" height=\"20\" viewBox=\"0 0 20 20\">\n<path fill=\"#000000\" d=\"M16 20c-1.771 0-3.655-0.502-5.6-1.492-1.793-0.913-3.564-2.22-5.122-3.78s-2.863-3.333-3.775-5.127c-0.988-1.946-1.49-3.83-1.49-5.601 0-1.148 1.070-2.257 1.529-2.68 0.661-0.609 1.701-1.32 2.457-1.32 0.376 0 0.816 0.246 1.387 0.774 0.425 0.394 0.904 0.928 1.383 1.544 0.289 0.372 1.73 2.271 1.73 3.182 0 0.747-0.845 1.267-1.739 1.816-0.346 0.212-0.703 0.432-0.961 0.639-0.276 0.221-0.325 0.338-0.333 0.364 0.949 2.366 3.85 5.267 6.215 6.215 0.021-0.007 0.138-0.053 0.363-0.333 0.207-0.258 0.427-0.616 0.639-0.961 0.55-0.894 1.069-1.739 1.816-1.739 0.911 0 2.81 1.441 3.182 1.73 0.616 0.479 1.15 0.958 1.544 1.383 0.528 0.57 0.774 1.011 0.774 1.387 0 0.756-0.711 1.799-1.319 2.463-0.424 0.462-1.533 1.537-2.681 1.537zM3.994 1c-0.268 0.005-0.989 0.333-1.773 1.055-0.744 0.686-1.207 1.431-1.207 1.945 0 6.729 8.264 15 14.986 15 0.513 0 1.258-0.465 1.944-1.213 0.723-0.788 1.051-1.512 1.056-1.781-0.032-0.19-0.558-0.929-1.997-2.037-1.237-0.952-2.24-1.463-2.498-1.469-0.018 0.005-0.13 0.048-0.357 0.336-0.197 0.251-0.408 0.594-0.613 0.926-0.56 0.911-1.089 1.772-1.858 1.772-0.124 0-0.246-0.024-0.363-0.071-2.625-1.050-5.729-4.154-6.779-6.779-0.126-0.315-0.146-0.809 0.474-1.371 0.33-0.299 0.786-0.579 1.228-0.851 0.332-0.204 0.676-0.415 0.926-0.613 0.288-0.227 0.331-0.339 0.336-0.357-0.007-0.258-0.517-1.261-1.469-2.498-1.108-1.439-1.847-1.964-2.037-1.997z\"><\/path>\n<\/svg>\n\t\t\t\t\t<\/div>\n\t\t\t\t<\/div>\n\t\t\t<\/div>\n\t\t\t\t<div class=\"icon-box-text last-reset\">\n\t\t\t<h5 class=\"uppercase\">Fale Conosco<\/h5>\t\t\t\t\t\t\n\t\t<\/div>\n\t<\/div>\n\t<\/a>\n\t\n\t\t<\/div>\n\t\t\t\t\t<\/div>\n\n\t\n\n\t<div id=\"col-768737509\" class=\"col medium-4 small-12 large-4\"  >\n\t\t\t\t<div class=\"col-inner\"  >\n\t\t\t\n\t\t\t\n\n\t<a class=\"plain\" href=\"https:\/\/cratod.animaker.com.br\/?page_id=7541\" >\t<div class=\"icon-box featured-box icon-box-center text-center is-small\"  >\n\t\t\t\t\t<div class=\"icon-box-img\" style=\"width: 60px\">\n\t\t\t\t<div class=\"icon\">\n\t\t\t\t\t<div class=\"icon-inner\" style=\"color:rgb(0, 135, 197);\">\n\t\t\t\t\t\t<?xml version=\"1.0\" encoding=\"utf-8\"?>\n<!-- Generated by IcoMoon.io -->\n<!DOCTYPE svg PUBLIC \"-\/\/W3C\/\/DTD SVG 1.1\/\/EN\" \"http:\/\/www.w3.org\/Graphics\/SVG\/1.1\/DTD\/svg11.dtd\">\n<svg version=\"1.1\" xmlns=\"http:\/\/www.w3.org\/2000\/svg\" xmlns:xlink=\"http:\/\/www.w3.org\/1999\/xlink\" width=\"20\" height=\"20\" viewBox=\"0 0 20 20\">\n<path fill=\"#000000\" d=\"M16.218 3.782c-1.794-1.794-4.18-2.782-6.718-2.782s-4.923 0.988-6.718 2.782-2.782 4.18-2.782 6.717 0.988 4.923 2.782 6.718 4.18 2.782 6.718 2.782 4.923-0.988 6.718-2.782 2.782-4.18 2.782-6.718-0.988-4.923-2.782-6.717zM9.5 19c-4.687 0-8.5-3.813-8.5-8.5s3.813-8.5 8.5-8.5c4.687 0 8.5 3.813 8.5 8.5s-3.813 8.5-8.5 8.5z\"><\/path>\n<path fill=\"#000000\" d=\"M9.5 15c-0.276 0-0.5-0.224-0.5-0.5v-2c0-0.276 0.224-0.5 0.5-0.5 1.93 0 3.5-1.57 3.5-3.5s-1.57-3.5-3.5-3.5-3.5 1.57-3.5 3.5c0 0.276-0.224 0.5-0.5 0.5s-0.5-0.224-0.5-0.5c0-2.481 2.019-4.5 4.5-4.5s4.5 2.019 4.5 4.5c0 2.312-1.753 4.223-4 4.472v1.528c0 0.276-0.224 0.5-0.5 0.5z\"><\/path>\n<path fill=\"#000000\" d=\"M9.5 18c-0 0 0 0 0 0-0.276 0-0.5-0.224-0.5-0.5v-1c0-0.276 0.224-0.5 0.5-0.5 0 0 0 0 0 0 0.276 0 0.5 0.224 0.5 0.5v1c0 0.276-0.224 0.5-0.5 0.5z\"><\/path>\n<\/svg>\n\t\t\t\t\t<\/div>\n\t\t\t\t<\/div>\n\t\t\t<\/div>\n\t\t\t\t<div class=\"icon-box-text last-reset\">\n\t\t\t<h5 class=\"uppercase\">Perguntas Frequentes<\/h5>\t\t\t\t\t\t\n\t\t<\/div>\n\t<\/div>\n\t<\/a>\n\t\n\t\t<\/div>\n\t\t\t\t\t<\/div>\n\n\t\n\n\t<div id=\"col-1216415894\" class=\"col medium-4 small-12 large-4\"  >\n\t\t\t\t<div class=\"col-inner\"  >\n\t\t\t\n\t\t\t\n\n\t<a class=\"plain\" href=\"https:\/\/cratod.animaker.com.br\/?page_id=7545\" >\t<div class=\"icon-box featured-box icon-box-center text-center is-small\"  >\n\t\t\t\t\t<div class=\"icon-box-img\" style=\"width: 60px\">\n\t\t\t\t<div class=\"icon\">\n\t\t\t\t\t<div class=\"icon-inner\" style=\"color:rgb(0, 135, 197);\">\n\t\t\t\t\t\t<?xml version=\"1.0\" encoding=\"utf-8\"?>\n<!-- Generated by IcoMoon.io -->\n<!DOCTYPE svg PUBLIC \"-\/\/W3C\/\/DTD SVG 1.1\/\/EN\" \"http:\/\/www.w3.org\/Graphics\/SVG\/1.1\/DTD\/svg11.dtd\">\n<svg version=\"1.1\" xmlns=\"http:\/\/www.w3.org\/2000\/svg\" xmlns:xlink=\"http:\/\/www.w3.org\/1999\/xlink\" width=\"20\" height=\"20\" viewBox=\"0 0 20 20\">\n<path fill=\"#000000\" d=\"M8.5 20c-0.043 0-0.087-0.006-0.13-0.017-0.218-0.059-0.37-0.257-0.37-0.483v-7.5h-7.5c-0.226 0-0.424-0.152-0.483-0.37s0.037-0.449 0.232-0.562l19-11c0.196-0.113 0.444-0.081 0.604 0.079s0.193 0.408 0.079 0.604l-11 19c-0.091 0.157-0.258 0.249-0.433 0.249zM2.362 11h6.138c0.276 0 0.5 0.224 0.5 0.5v6.138l9.128-15.766-15.766 9.128z\"><\/path>\n<\/svg>\n\t\t\t\t\t<\/div>\n\t\t\t\t<\/div>\n\t\t\t<\/div>\n\t\t\t\t<div class=\"icon-box-text last-reset\">\n\t\t\t<h5 class=\"uppercase\">Como Chegar<\/h5>\t\t\t\t\t\t\n\t\t<\/div>\n\t<\/div>\n\t<\/a>\n\t\n\t\t<\/div>\n\t\t\t\t\t<\/div>\n\n\t\n<\/div>\n\t\t<\/div>\n\t\t\t\t\t<\/div>\n\n\t\n<\/div>\n<div class=\"row\"  id=\"row-1287718269\">\n\n\t<div id=\"col-1973673789\" class=\"col medium-6 small-12 large-6\"  >\n\t\t\t\t<div class=\"col-inner\"  >\n\t\t\t\n\t\t\t\n<h3 style=\"text-align: justify;\"><strong>Seja Bem Vindo(a):<\/strong><\/h3>\n<p style=\"text-align: justify;\"><span style=\"font-size: 80%;\"><button id=\"bb1\" type=\"button\" value=\"Play\" class=\"responsivevoice-button\" title=\"ResponsiveVoice Tap to Start\/Stop Speech\"><span>&#128266; Ouvir<\/span><\/button>\n        <script>\n            bb1.onclick = function(){\n                if(responsiveVoice.isPlaying()){\n                    responsiveVoice.cancel();\n                }else{\n                    responsiveVoice.speak(\"CRATOD -Centro de Refer\u00eancia de \u00c1lcool, Tabaco e Outras Drogas.\u00a0 0 Centro de Referenda de \u00c1lcool, Tabaco e Outras Drogas (CRATOD) \u00e9 um \u00f3rg\u00e3o do governo do Estado que tem por finalidade atender e dar tratamento continuado a pessoas que tenham depend\u00eancia qu\u00edmica. \u00c9 uma unidade criada pelo Decreto n\u00b0 46.860, de 25 de junho de 2002 e est\u00e1 situada na Rua Prates, 165 - Bom Retiro, S\u00e3o Paulo; A partir da publica\u00e7\u00e3o da Portaria n.\u00ba 2103\/GM, em 19 de novembro de 2002, o CRATOD foi habilitado (credenciado\/classificado) junto ao Sistema \u00danico de Sa\u00fade (SUS), coma Centro de Aten\u00e7\u00e3o Psicossocial de \u00c1lcool e Drogas (CAPSad), atendendo as diretrizes da Portaria n.\u00ba 336\/GM, em 19 de fevereiro de 2002, c.c. a Portaria n.\u00b0 189\/GM, em 20 de marco de 2002, agregando assim as suas finalidades iniciais outras caracter\u00edsticas de atendimento. Com a edi\u00e7\u00e3o da Portaria n.\u00ba 130\/GM, em 26 de janeiro de 2012 e da delibera\u00e7\u00e3o CIB n\u00b0 2, de 18 de janeiro de 2013,\u00a0o\u00a0CRATOD teve sua habilita\u00e7\u00e3o junto ao SUS alterada, passando a ser classificado\u00a0como\u00a0CAPSAD Ill Qualificado.\u00a0 A Associa\u00e7\u00e3o Paulista para o Desenvolvimento da Medicina (SPDM), deu in\u00edcio em 2013 a diversas atividades junto ao Centro de Refer\u00eancia de \u00c1lcool, Tabaco e Outras Drogas (CRATOD), mediante conv\u00eanio celebrado com a Secretaria Estadual de Sa\u00fade, com o objetivo central de apoiar o Programa Estadual de Enfrentamento ao Crack.\", \"Brazilian Portuguese Female\");\n                }\n            };\n        <\/script>\n    <\/span><b>CRATOD -Centro de Refer\u00eancia de \u00c1lcool, Tabaco e Outras Drogas.\u00a0<\/b><\/p>\n<p style=\"text-align: justify;\"><span style=\"font-weight: 400;\">0 Centro de Referenda de \u00c1lcool, Tabaco e Outras Drogas (CRATOD) \u00e9 um \u00f3rg\u00e3o do governo do Estado que tem por finalidade atender e dar tratamento continuado a pessoas que tenham depend\u00eancia qu\u00edmica. \u00c9 uma unidade criada pelo Decreto n\u00b0 46.860, de 25 de junho de 2002 e est\u00e1 situada na Rua Prates, 165 &#8211; Bom Retiro, S\u00e3o Paulo;<\/span><\/p>\n<p style=\"text-align: justify;\"><span style=\"font-weight: 400;\">A partir da publica\u00e7\u00e3o da Portaria n.\u00ba 2103\/GM, em 19 de novembro de 2002, o CRATOD foi habilitado (credenciado\/classificado) junto ao Sistema \u00danico de Sa\u00fade (SUS), coma Centro de Aten\u00e7\u00e3o Psicossocial de \u00c1lcool e Drogas (CAPSad), atendendo as diretrizes da Portaria n.\u00ba 336\/GM, em 19 de fevereiro de 2002, c.c. a Portaria n.\u00b0 189\/GM, em 20 de marco de 2002, agregando assim as suas finalidades iniciais outras caracter\u00edsticas de atendimento.<\/span><\/p>\n<p style=\"text-align: justify;\">Com a edi\u00e7\u00e3o da Portaria n.\u00ba 130\/GM, em 26 de janeiro de 2012 e da delibera\u00e7\u00e3o CIB n\u00b0 2, de 18 de janeiro de 2013,\u00a0o\u00a0CRATOD teve sua habilita\u00e7\u00e3o junto ao SUS alterada, passando a ser classificado\u00a0como\u00a0CAPSAD Ill Qualificado.\u00a0<\/p>\n<p style=\"text-align: justify;\"><span style=\"font-weight: 400;\">A Associa\u00e7\u00e3o Paulista para o Desenvolvimento da Medicina (SPDM), deu in\u00edcio em 2013 a diversas atividades junto ao Centro de Refer\u00eancia de \u00c1lcool, Tabaco e Outras Drogas (CRATOD), mediante conv\u00eanio celebrado com a Secretaria Estadual de Sa\u00fade, com o objetivo central de apoiar o Programa Estadual de Enfrentamento ao Crack.<\/span><span style=\"font-size: 14.4px;\"><\/span><\/p>\n\t\t<\/div>\n\t\t\t\t\t<\/div>\n\n\t\n\n\t<div id=\"col-593603357\" class=\"col medium-6 small-12 large-6\"  >\n\t\t\t\t<div class=\"col-inner\"  >\n\t\t\t\n\t\t\t\n\t\t<\/div>\n\t\t\t\t\t<\/div>\n\n\t\n<\/div>\n","protected":false},"excerpt":{"rendered":"","protected":false},"author":21,"featured_media":0,"parent":0,"menu_order":0,"comment_status":"closed","ping_status":"closed","template":"page-blank.php","meta":{"footnotes":""},"class_list":["post-7575","page","type-page","status-publish","hentry"],"_links":{"self":[{"href":"https:\/\/cratod.animaker.com.br\/index.php?rest_route=\/wp\/v2\/pages\/7575","targetHints":{"allow":["GET"]}}],"collection":[{"href":"https:\/\/cratod.animaker.com.br\/index.php?rest_route=\/wp\/v2\/pages"}],"about":[{"href":"https:\/\/cratod.animaker.com.br\/index.php?rest_route=\/wp\/v2\/types\/page"}],"author":[{"embeddable":true,"href":"https:\/\/cratod.animaker.com.br\/index.php?rest_route=\/wp\/v2\/users\/21"}],"replies":[{"embeddable":true,"href":"https:\/\/cratod.animaker.com.br\/index.php?rest_route=%2Fwp%2Fv2%2Fcomments&post=7575"}],"version-history":[{"count":0,"href":"https:\/\/cratod.animaker.com.br\/index.php?rest_route=\/wp\/v2\/pages\/7575\/revisions"}],"wp:attachment":[{"href":"https:\/\/cratod.animaker.com.br\/index.php?rest_route=%2Fwp%2Fv2%2Fmedia&parent=7575"}],"curies":[{"name":"wp","href":"https:\/\/api.w.org\/{rel}","templated":true}]}}